{"id":69,"date":"2019-04-21T18:16:11","date_gmt":"2019-04-21T18:16:11","guid":{"rendered":"http:\/\/scalemodelworks.de\/?page_id=69"},"modified":"2019-04-26T18:26:58","modified_gmt":"2019-04-26T18:26:58","slug":"home","status":"publish","type":"page","link":"http:\/\/scalemodelworks.de\/","title":{"rendered":"Scalemodelworks.de"},"content":{"rendered":"\n<h4 class=\"wp-block-heading\">Hallo und Willkommen <g class=\"gr_ gr_11 gr-alert gr_spell gr_inline_cards gr_run_anim ContextualSpelling\" id=\"11\" data-gr-id=\"11\">auf<\/g> <g class=\"gr_ gr_15 gr-alert gr_spell gr_inline_cards gr_run_anim ContextualSpelling\" id=\"15\" data-gr-id=\"15\">scalemodelworks<\/g>.de<\/h4>\n\n\n\n<p>Auf dieser Seite dreht es sich um die faszinierende Welt der Miniaturen. Der Schwerpunkt liegt dabei auf Milit\u00e4rmodelle im Ma\u00dfstab 1:35 und Flugzeugmodelle im Ma\u00dfstab 1:48.<\/p>\n\n\n\n<p>Dieser Themenschwerpunkt ist aus Interesse f\u00fcr technische und historische  Themen entstanden und soll auf keinen Fall als eine Verherrlichung von Gewalt und Krieg verstanden werden.<\/p>\n\n\n\n<p>Auf jeder Seite findet sich eine Miniatur dokumentiert in den verschiedenen Entstehungsphasen. Viel Spa\u00df beim Betrachten der Bilder!<\/p>\n\n\n\n<div class=\"wp-block-columns has-2-columns\">\n<div class=\"wp-block-column\">\n<p>kkkjkjkjk<\/p>\n<\/div>\n\n\n\n<div class=\"wp-block-column\">\n<p>ghghghg<\/p>\n<\/div>\n<\/div>\n","protected":false},"excerpt":{"rendered":"<div class=\"entry-summary\">\nHallo und Willkommen auf scalemodelworks.de Auf dieser Seite dreht es sich um die faszinierende Welt der Miniaturen. Der Schwerpunkt liegt dabei auf Milit\u00e4rmodelle im Ma\u00dfstab 1:35 und Flugzeugmodelle im Ma\u00dfstab 1:48. Dieser Themenschwerpunkt ist aus Interesse f\u00fcr technische und historische&hellip;\n<\/div>\n<div class=\"link-more\"><a href=\"http:\/\/scalemodelworks.de\/\" class=\"more-link\"><span class=\"screen-reader-text\"> &ldquo;Scalemodelworks.de&rdquo;<\/span> weiterlesen\u00a0&hellip;<\/a><\/div>\n","protected":false},"author":1,"featured_media":0,"parent":0,"menu_order":0,"comment_status":"closed","ping_status":"closed","template":"","meta":{"footnotes":""},"class_list":["post-69","page","type-page","status-publish","hentry","entry"],"jetpack_sharing_enabled":true,"_links":{"self":[{"href":"http:\/\/scalemodelworks.de\/index.php?rest_route=\/wp\/v2\/pages\/69","targetHints":{"allow":["GET"]}}],"collection":[{"href":"http:\/\/scalemodelworks.de\/index.php?rest_route=\/wp\/v2\/pages"}],"about":[{"href":"http:\/\/scalemodelworks.de\/index.php?rest_route=\/wp\/v2\/types\/page"}],"author":[{"embeddable":true,"href":"http:\/\/scalemodelworks.de\/index.php?rest_route=\/wp\/v2\/users\/1"}],"replies":[{"embeddable":true,"href":"http:\/\/scalemodelworks.de\/index.php?rest_route=%2Fwp%2Fv2%2Fcomments&post=69"}],"version-history":[{"count":5,"href":"http:\/\/scalemodelworks.de\/index.php?rest_route=\/wp\/v2\/pages\/69\/revisions"}],"predecessor-version":[{"id":80,"href":"http:\/\/scalemodelworks.de\/index.php?rest_route=\/wp\/v2\/pages\/69\/revisions\/80"}],"wp:attachment":[{"href":"http:\/\/scalemodelworks.de\/index.php?rest_route=%2Fwp%2Fv2%2Fmedia&parent=69"}],"curies":[{"name":"wp","href":"https:\/\/api.w.org\/{rel}","templated":true}]}}